{"id":2597,"date":"2021-03-04T21:31:56","date_gmt":"2021-03-04T20:31:56","guid":{"rendered":"https:\/\/www.bulmac.eu\/?page_id=2597"},"modified":"2021-07-13T09:44:41","modified_gmt":"2021-07-13T07:44:41","slug":"declaration","status":"publish","type":"page","link":"https:\/\/www.bulmac.eu\/fr\/declaration\/","title":{"rendered":"D\u00e9claration"},"content":{"rendered":"<p>[vc_row row_height_percent=\u00a0\u00bb0&Prime; overlay_alpha=\u00a0\u00bb50&Prime; gutter_size=\u00a0\u00bb3&Prime; column_width_percent=\u00a0\u00bb100&Prime; shift_y=\u00a0\u00bb0&Prime; z_index=\u00a0\u00bb0&Prime;][vc_column column_width_percent=\u00a0\u00bb100&Prime; gutter_size=\u00a0\u00bb2&Prime; overlay_alpha=\u00a0\u00bb50&Prime; shift_x=\u00a0\u00bb0&Prime; shift_y=\u00a0\u00bb0&Prime; shift_y_down=\u00a0\u00bb0&Prime; z_index=\u00a0\u00bb0&Prime; medium_width=\u00a0\u00bb0&Prime; mobile_width=\u00a0\u00bb0&Prime; width=\u00a0\u00bb2\/3&Prime; el_class=\u00a0\u00bbfirst_block\u00a0\u00bb][uncode_breadcrumbs separator=\u00a0\u00bbtriangle\u00a0\u00bb][vc_row_inner row_inner_height_percent=\u00a0\u00bb0&Prime; overlay_alpha=\u00a0\u00bb50&Prime; gutter_size=\u00a0\u00bb3&Prime; shift_y=\u00a0\u00bb0&Prime; z_index=\u00a0\u00bb0&Prime;][vc_column_inner column_width_percent=\u00a0\u00bb100&Prime; gutter_size=\u00a0\u00bb3&Prime; overlay_alpha=\u00a0\u00bb50&Prime; shift_x=\u00a0\u00bb0&Prime; shift_y=\u00a0\u00bb0&Prime; shift_y_down=\u00a0\u00bb0&Prime; z_index=\u00a0\u00bb0&Prime; medium_width=\u00a0\u00bb0&Prime; mobile_width=\u00a0\u00bb0&Prime; width=\u00a0\u00bb1\/1&Prime;][vc_column_text]<\/p>\n<h2>Info Utiles<\/h2>\n<ul>\n<li>Vous trouvez <span style=\"text-decoration: underline;\"><strong><a href=\"https:\/\/www.bulmac.eu\/wp-content\/uploads\/2021\/07\/InformationFile.xlsx\" target=\"_blank\" rel=\"noopener\">ici<\/a><\/strong><\/span> le fichier \u00e0 remplir pour votre d\u00e9claration.<\/li>\n<li>La liste des <strong><span style=\"text-decoration: underline;\"><a href=\"https:\/\/www.iccwbo.be\/ICCBelgium\/incoterms-rules-2010\/\" target=\"_blank\" rel=\"noopener\">Incoterms<\/a><\/span><\/strong> est disponible sur le site de la Chambre de commerce Internationale.<\/li>\n<li>Vous pouvez consulter votre code tarifaire <span style=\"text-decoration: underline;\"><strong><a href=\"https:\/\/trade.ec.europa.eu\/access-to-markets\/en\/content\/welcome-access2markets-market-access-database-users\" target=\"_blank\" rel=\"noopener\">ici<\/a><\/strong><\/span><\/li>\n<\/ul>\n<h3>R\u00e9presentation<\/h3>\n<ul>\n<li>R\u00e9presentation Directe\n<ul>\n<li>Bulmac agit en votre nom et pour votre compte.<\/li>\n<li>Bulmac peut agir pour toutes les personnes\/ soci\u00e9t\u00e9s \u00e9tablies dans l&rsquo;UE.<\/li>\n<li>Vous devez donner \u00e0 Bulmac une autorisation \u00e9crit \u00e0 cet effet et des garanties au Bureau Unique de chaque pays. Vous pouvez utiliser le formulaire <span style=\"text-decoration: underline;\"><strong><a href=\"https:\/\/www.bulmac.eu\/wp-content\/uploads\/2021\/07\/FormulierDirecteVertegenwoordiger.pdf\" target=\"_blank\" rel=\"noopener\">ici<\/a><\/strong><\/span><br \/>\n.<\/li>\n<\/ul>\n<\/li>\n<\/ul>\n<ul>\n<li>R\u00e9presentation Indirecte\n<ul>\n<li>Bulmac agit en son propre nom mais pour votre compte.<\/li>\n<li>Bulmac est le d\u00e9clarant et \u00e9galement solidairement responsable.<\/li>\n<li><strong>ATTENTION!<\/strong>: Vous serez tenu responsable envers Bulmac, comme Bulmac contre les douanes.<\/li>\n<\/ul>\n<\/li>\n<\/ul>\n<p>[\/vc_column_text][vc_column_text]<\/p>\n<h2 class=\"short\">Faites votre d\u00e9claration<\/h2>\n<p>[\/vc_column_text][vc_column_text]\n<div class=\"wpcf7 no-js\" id=\"wpcf7-f1052-o1\" lang=\"nl-NL\" dir=\"ltr\" data-wpcf7-id=\"1052\">\n<div class=\"screen-reader-response\"><p role=\"status\" aria-live=\"polite\" aria-atomic=\"true\"><\/p> <ul><\/ul><\/div>\n<form action=\"\/fr\/wp-json\/wp\/v2\/pages\/2597#wpcf7-f1052-o1\" method=\"post\" class=\"wpcf7-form init\" aria-label=\"Contactformulier\" enctype=\"multipart\/form-data\" novalidate=\"novalidate\" data-status=\"init\">\n<fieldset class=\"hidden-fields-container\"><input type=\"hidden\" name=\"_wpcf7\" value=\"1052\" \/><input type=\"hidden\" name=\"_wpcf7_version\" value=\"6.1.5\" \/><input type=\"hidden\" name=\"_wpcf7_locale\" value=\"nl_NL\" \/><input type=\"hidden\" name=\"_wpcf7_unit_tag\" value=\"wpcf7-f1052-o1\" \/><input type=\"hidden\" name=\"_wpcf7_container_post\" value=\"0\" \/><input type=\"hidden\" name=\"_wpcf7_posted_data_hash\" value=\"\" \/><input type=\"hidden\" name=\"_wpcf7_recaptcha_response\" value=\"\" \/>\n<\/fieldset>\n<p><span class=\"wpcf7-form-control-wrap\" data-name=\"your-name\"><input size=\"40\" maxlength=\"400\" class=\"wpcf7-form-control wpcf7-text wpcf7-validates-as-required\" aria-required=\"true\" aria-invalid=\"false\" placeholder=\"Your Name\" value=\"\" type=\"text\" name=\"your-name\" \/><\/span><span class=\"wpcf7-form-control-wrap\" data-name=\"your-email\"><input size=\"40\" maxlength=\"400\" class=\"wpcf7-form-control wpcf7-email wpcf7-validates-as-required wpcf7-text wpcf7-validates-as-email\" aria-required=\"true\" aria-invalid=\"false\" placeholder=\"E-mail\" value=\"\" type=\"email\" name=\"your-email\" \/><\/span><span class=\"wpcf7-form-control-wrap\" data-name=\"telefoon\"><input size=\"40\" maxlength=\"400\" class=\"wpcf7-form-control wpcf7-tel wpcf7-text wpcf7-validates-as-tel\" aria-invalid=\"false\" placeholder=\"Telephone Number\" value=\"\" type=\"tel\" name=\"telefoon\" \/><\/span><span class=\"wpcf7-form-control-wrap\" data-name=\"onderwerp\"><input size=\"40\" maxlength=\"400\" class=\"wpcf7-form-control wpcf7-text wpcf7-validates-as-required\" aria-required=\"true\" aria-invalid=\"false\" placeholder=\"Subject\" value=\"\" type=\"text\" name=\"onderwerp\" \/><\/span>\n<\/p>\n<p><span class=\"wpcf7-form-control-wrap\" data-name=\"vertegenwoordiging\"><span class=\"wpcf7-form-control wpcf7-radio\"><span class=\"wpcf7-list-item first\"><label><input type=\"radio\" name=\"vertegenwoordiging\" value=\"Direct Representation\" checked=\"checked\" \/><span class=\"wpcf7-list-item-label\">Direct Representation<\/span><\/label><\/span><span class=\"wpcf7-list-item last\"><label><input type=\"radio\" name=\"vertegenwoordiging\" value=\"Indirect Representation\" \/><span class=\"wpcf7-list-item-label\">Indirect Representation<\/span><\/label><\/span><\/span><\/span>\n<\/p>\n<div id=\"mfcf7_zl_multifilecontainer\"><span class=\"mfcf7-zl-multiline-sample\" style=\"display:none\"><p class=\"wpcf7-form-control-wrap bestanden\"><input size=\"40\" class=\"wpcf7-form-control wpcf7-multilinefile\" multiple=\"multiple\" value=\"Choose Files\" aria-invalid=\"false\" type=\"file\" name=\"bestanden[]\" \/> <span class=\"mfcf7-zl-multifile-name\"><\/span><a href=\"javascript:void(0);\" class=\"mfcf7_zl_delete_file\"><span class=\"delete-file\" aria-hidden=\"true\">&#x274C;<\/span><\/a><\/p><\/span><\/div><span class=\"wpcf7-form-control-wrap zl-form-control-wrap bestanden\"><input size=\"40\" class=\"wpcf7-form-control wpcf7-multilinefile\" multiple=\"multiple\" value=\"Choose Files\" aria-invalid=\"false\" type=\"file\" name=\"bestanden[]\" \/> <span class=\"mfcf7-zl-multifile-name\"><\/span><a href=\"javascript:void(0);\" class=\"mfcf7_zl_delete_file\"><span class=\"delete-file\" aria-hidden=\"true\">&#x274C;<\/span><\/a><\/span><p><label><span class=\"wpcf7-form-control-wrap\" data-name=\"bestanden-zl-mfcf7-upld-btn\"><input type=\"button\" name=\"bestanden-zl-mfcf7-upld-btn\" class=\"button button-primary qbutton\" id=\"mfcf7_zl_add_file\" value=\"Choose Files\"><\/span><\/label><\/p>\n<\/p>\n<p><span class=\"wpcf7-form-control-wrap\" data-name=\"your-message\"><textarea cols=\"40\" rows=\"10\" maxlength=\"2000\" class=\"wpcf7-form-control wpcf7-textarea\" aria-invalid=\"false\" placeholder=\"Message\" name=\"your-message\"><\/textarea><\/span>\n<\/p>\n<p><span class=\"wpcf7-form-control-wrap\" data-name=\"voorwaarden\"><span class=\"wpcf7-form-control wpcf7-acceptance\"><span class=\"wpcf7-list-item\"><input type=\"checkbox\" name=\"voorwaarden\" value=\"1\" aria-invalid=\"false\" \/><\/span><\/span><\/span>I agree to the terms and conditions and privacy statement.\n<\/p>\n<p><input class=\"wpcf7-form-control wpcf7-submit has-spinner\" type=\"submit\" value=\"Send\" \/>\n<\/p><div class=\"wpcf7-response-output\" aria-hidden=\"true\"><\/div>\n<\/form>\n<\/div>\n[\/vc_column_text][\/vc_column_inner][\/vc_row_inner][\/vc_column][vc_column column_width_percent=\u00a0\u00bb100&Prime; gutter_size=\u00a0\u00bb3&Prime; overlay_alpha=\u00a0\u00bb50&Prime; shift_x=\u00a0\u00bb0&Prime; shift_y=\u00a0\u00bb0&Prime; shift_y_down=\u00a0\u00bb0&Prime; z_index=\u00a0\u00bb0&Prime; medium_width=\u00a0\u00bb0&Prime; mobile_width=\u00a0\u00bb0&Prime; width=\u00a0\u00bb1\/3&Prime; el_class=\u00a0\u00bbsidebar\u00a0\u00bb][uncode_block id=\u00a0\u00bb623&Prime; inside_column=\u00a0\u00bbyes\u00a0\u00bb][\/vc_column][\/vc_row]<\/p>\n","protected":false},"excerpt":{"rendered":"<p>[vc_row row_height_percent=\u00a0\u00bb0&Prime; overlay_alpha=\u00a0\u00bb50&Prime; gutter_size=\u00a0\u00bb3&Prime; column_width_percent=\u00a0\u00bb100&Prime; shift_y=\u00a0\u00bb0&Prime; z_index=\u00a0\u00bb0&Prime;][vc_column column_width_percent=\u00a0\u00bb100&Prime; gutter_size=\u00a0\u00bb2&Prime; overlay_alpha=\u00a0\u00bb50&Prime; shift_x=\u00a0\u00bb0&Prime; shift_y=\u00a0\u00bb0&Prime; shift_y_down=\u00a0\u00bb0&Prime; z_index=\u00a0\u00bb0&Prime; medium_width=\u00a0\u00bb0&Prime; mobile_width=\u00a0\u00bb0&Prime; width=\u00a0\u00bb2\/3&Prime; el_class=\u00a0\u00bbfirst_block\u00a0\u00bb][uncode_breadcrumbs separator=\u00a0\u00bbtriangle\u00a0\u00bb][vc_row_inner row_inner_height_percent=\u00a0\u00bb0&Prime; [&hellip;]<\/p>\n","protected":false},"author":1,"featured_media":2572,"parent":0,"menu_order":0,"comment_status":"closed","ping_status":"closed","template":"","meta":{"footnotes":""},"class_list":["post-2597","page","type-page","status-publish","has-post-thumbnail","hentry"],"yoast_head":"<!-- This site is optimized with the Yoast SEO plugin v27.0 - https:\/\/yoast.com\/product\/yoast-seo-wordpress\/ -->\n<title>D\u00e9claration - Bulmac<\/title>\n<meta name=\"robots\" content=\"index, follow, max-snippet:-1, max-image-preview:large, max-video-preview:-1\" \/>\n<link rel=\"canonical\" href=\"https:\/\/www.bulmac.eu\/nl\/aangifte\/\" \/>\n<meta property=\"og:locale\" content=\"fr_FR\" \/>\n<meta property=\"og:type\" content=\"article\" \/>\n<meta property=\"og:title\" content=\"D\u00e9claration - Bulmac\" \/>\n<meta property=\"og:description\" content=\"[vc_row row_height_percent=\u00a0\u00bb0&Prime; overlay_alpha=\u00a0\u00bb50&Prime; gutter_size=\u00a0\u00bb3&Prime; column_width_percent=\u00a0\u00bb100&Prime; shift_y=\u00a0\u00bb0&Prime; z_index=\u00a0\u00bb0&Prime;][vc_column column_width_percent=\u00a0\u00bb100&Prime; gutter_size=\u00a0\u00bb2&Prime; overlay_alpha=\u00a0\u00bb50&Prime; shift_x=\u00a0\u00bb0&Prime; shift_y=\u00a0\u00bb0&Prime; shift_y_down=\u00a0\u00bb0&Prime; z_index=\u00a0\u00bb0&Prime; medium_width=\u00a0\u00bb0&Prime; mobile_width=\u00a0\u00bb0&Prime; width=\u00a0\u00bb2\/3&Prime; el_class=\u00a0\u00bbfirst_block\u00a0\u00bb][uncode_breadcrumbs separator=\u00a0\u00bbtriangle\u00a0\u00bb][vc_row_inner row_inner_height_percent=\u00a0\u00bb0&Prime; [&hellip;]\" \/>\n<meta property=\"og:url\" content=\"https:\/\/www.bulmac.eu\/nl\/aangifte\/\" \/>\n<meta property=\"og:site_name\" content=\"Bulmac\" \/>\n<meta property=\"article:modified_time\" content=\"2021-07-13T07:44:41+00:00\" \/>\n<meta property=\"og:image\" content=\"https:\/\/www.bulmac.eu\/wp-content\/uploads\/2021\/03\/slide-bg.jpg\" \/>\n\t<meta property=\"og:image:width\" content=\"1920\" \/>\n\t<meta property=\"og:image:height\" content=\"437\" \/>\n\t<meta property=\"og:image:type\" content=\"image\/jpeg\" \/>\n<meta name=\"twitter:card\" content=\"summary_large_image\" \/>\n<meta name=\"twitter:label1\" content=\"Dur\u00e9e de lecture estim\u00e9e\" \/>\n\t<meta name=\"twitter:data1\" content=\"1 minute\" \/>\n<script type=\"application\/ld+json\" class=\"yoast-schema-graph\">{\"@context\":\"https:\/\/schema.org\",\"@graph\":[{\"@type\":\"WebPage\",\"@id\":\"https:\/\/www.bulmac.eu\/nl\/aangifte\/\",\"url\":\"https:\/\/www.bulmac.eu\/nl\/aangifte\/\",\"name\":\"D\u00e9claration - Bulmac\",\"isPartOf\":{\"@id\":\"https:\/\/www.bulmac.eu\/en\/#website\"},\"primaryImageOfPage\":{\"@id\":\"https:\/\/www.bulmac.eu\/nl\/aangifte\/#primaryimage\"},\"image\":{\"@id\":\"https:\/\/www.bulmac.eu\/nl\/aangifte\/#primaryimage\"},\"thumbnailUrl\":\"https:\/\/www.bulmac.eu\/wp-content\/uploads\/2021\/03\/slide-bg.jpg\",\"datePublished\":\"2021-03-04T20:31:56+00:00\",\"dateModified\":\"2021-07-13T07:44:41+00:00\",\"breadcrumb\":{\"@id\":\"https:\/\/www.bulmac.eu\/nl\/aangifte\/#breadcrumb\"},\"inLanguage\":\"fr-FR\",\"potentialAction\":[{\"@type\":\"ReadAction\",\"target\":[\"https:\/\/www.bulmac.eu\/nl\/aangifte\/\"]}]},{\"@type\":\"ImageObject\",\"inLanguage\":\"fr-FR\",\"@id\":\"https:\/\/www.bulmac.eu\/nl\/aangifte\/#primaryimage\",\"url\":\"https:\/\/www.bulmac.eu\/wp-content\/uploads\/2021\/03\/slide-bg.jpg\",\"contentUrl\":\"https:\/\/www.bulmac.eu\/wp-content\/uploads\/2021\/03\/slide-bg.jpg\",\"width\":1920,\"height\":437},{\"@type\":\"BreadcrumbList\",\"@id\":\"https:\/\/www.bulmac.eu\/nl\/aangifte\/#breadcrumb\",\"itemListElement\":[{\"@type\":\"ListItem\",\"position\":1,\"name\":\"Home\",\"item\":\"https:\/\/www.bulmac.eu\/nl\/\"},{\"@type\":\"ListItem\",\"position\":2,\"name\":\"D\u00e9claration\"}]},{\"@type\":\"WebSite\",\"@id\":\"https:\/\/www.bulmac.eu\/en\/#website\",\"url\":\"https:\/\/www.bulmac.eu\/en\/\",\"name\":\"Bulmac\",\"description\":\"\",\"potentialAction\":[{\"@type\":\"SearchAction\",\"target\":{\"@type\":\"EntryPoint\",\"urlTemplate\":\"https:\/\/www.bulmac.eu\/en\/?s={search_term_string}\"},\"query-input\":{\"@type\":\"PropertyValueSpecification\",\"valueRequired\":true,\"valueName\":\"search_term_string\"}}],\"inLanguage\":\"fr-FR\"}]}<\/script>\n<!-- \/ Yoast SEO plugin. -->","yoast_head_json":{"title":"D\u00e9claration - Bulmac","robots":{"index":"index","follow":"follow","max-snippet":"max-snippet:-1","max-image-preview":"max-image-preview:large","max-video-preview":"max-video-preview:-1"},"canonical":"https:\/\/www.bulmac.eu\/nl\/aangifte\/","og_locale":"fr_FR","og_type":"article","og_title":"D\u00e9claration - Bulmac","og_description":"[vc_row row_height_percent=\u00a0\u00bb0&Prime; overlay_alpha=\u00a0\u00bb50&Prime; gutter_size=\u00a0\u00bb3&Prime; column_width_percent=\u00a0\u00bb100&Prime; shift_y=\u00a0\u00bb0&Prime; z_index=\u00a0\u00bb0&Prime;][vc_column column_width_percent=\u00a0\u00bb100&Prime; gutter_size=\u00a0\u00bb2&Prime; overlay_alpha=\u00a0\u00bb50&Prime; shift_x=\u00a0\u00bb0&Prime; shift_y=\u00a0\u00bb0&Prime; shift_y_down=\u00a0\u00bb0&Prime; z_index=\u00a0\u00bb0&Prime; medium_width=\u00a0\u00bb0&Prime; mobile_width=\u00a0\u00bb0&Prime; width=\u00a0\u00bb2\/3&Prime; el_class=\u00a0\u00bbfirst_block\u00a0\u00bb][uncode_breadcrumbs separator=\u00a0\u00bbtriangle\u00a0\u00bb][vc_row_inner row_inner_height_percent=\u00a0\u00bb0&Prime; [&hellip;]","og_url":"https:\/\/www.bulmac.eu\/nl\/aangifte\/","og_site_name":"Bulmac","article_modified_time":"2021-07-13T07:44:41+00:00","og_image":[{"width":1920,"height":437,"url":"https:\/\/www.bulmac.eu\/wp-content\/uploads\/2021\/03\/slide-bg.jpg","type":"image\/jpeg"}],"twitter_card":"summary_large_image","twitter_misc":{"Dur\u00e9e de lecture estim\u00e9e":"1 minute"},"schema":{"@context":"https:\/\/schema.org","@graph":[{"@type":"WebPage","@id":"https:\/\/www.bulmac.eu\/nl\/aangifte\/","url":"https:\/\/www.bulmac.eu\/nl\/aangifte\/","name":"D\u00e9claration - Bulmac","isPartOf":{"@id":"https:\/\/www.bulmac.eu\/en\/#website"},"primaryImageOfPage":{"@id":"https:\/\/www.bulmac.eu\/nl\/aangifte\/#primaryimage"},"image":{"@id":"https:\/\/www.bulmac.eu\/nl\/aangifte\/#primaryimage"},"thumbnailUrl":"https:\/\/www.bulmac.eu\/wp-content\/uploads\/2021\/03\/slide-bg.jpg","datePublished":"2021-03-04T20:31:56+00:00","dateModified":"2021-07-13T07:44:41+00:00","breadcrumb":{"@id":"https:\/\/www.bulmac.eu\/nl\/aangifte\/#breadcrumb"},"inLanguage":"fr-FR","potentialAction":[{"@type":"ReadAction","target":["https:\/\/www.bulmac.eu\/nl\/aangifte\/"]}]},{"@type":"ImageObject","inLanguage":"fr-FR","@id":"https:\/\/www.bulmac.eu\/nl\/aangifte\/#primaryimage","url":"https:\/\/www.bulmac.eu\/wp-content\/uploads\/2021\/03\/slide-bg.jpg","contentUrl":"https:\/\/www.bulmac.eu\/wp-content\/uploads\/2021\/03\/slide-bg.jpg","width":1920,"height":437},{"@type":"BreadcrumbList","@id":"https:\/\/www.bulmac.eu\/nl\/aangifte\/#breadcrumb","itemListElement":[{"@type":"ListItem","position":1,"name":"Home","item":"https:\/\/www.bulmac.eu\/nl\/"},{"@type":"ListItem","position":2,"name":"D\u00e9claration"}]},{"@type":"WebSite","@id":"https:\/\/www.bulmac.eu\/en\/#website","url":"https:\/\/www.bulmac.eu\/en\/","name":"Bulmac","description":"","potentialAction":[{"@type":"SearchAction","target":{"@type":"EntryPoint","urlTemplate":"https:\/\/www.bulmac.eu\/en\/?s={search_term_string}"},"query-input":{"@type":"PropertyValueSpecification","valueRequired":true,"valueName":"search_term_string"}}],"inLanguage":"fr-FR"}]}},"_links":{"self":[{"href":"https:\/\/www.bulmac.eu\/fr\/wp-json\/wp\/v2\/pages\/2597","targetHints":{"allow":["GET"]}}],"collection":[{"href":"https:\/\/www.bulmac.eu\/fr\/wp-json\/wp\/v2\/pages"}],"about":[{"href":"https:\/\/www.bulmac.eu\/fr\/wp-json\/wp\/v2\/types\/page"}],"author":[{"embeddable":true,"href":"https:\/\/www.bulmac.eu\/fr\/wp-json\/wp\/v2\/users\/1"}],"replies":[{"embeddable":true,"href":"https:\/\/www.bulmac.eu\/fr\/wp-json\/wp\/v2\/comments?post=2597"}],"version-history":[{"count":8,"href":"https:\/\/www.bulmac.eu\/fr\/wp-json\/wp\/v2\/pages\/2597\/revisions"}],"predecessor-version":[{"id":2715,"href":"https:\/\/www.bulmac.eu\/fr\/wp-json\/wp\/v2\/pages\/2597\/revisions\/2715"}],"wp:featuredmedia":[{"embeddable":true,"href":"https:\/\/www.bulmac.eu\/fr\/wp-json\/wp\/v2\/media\/2572"}],"wp:attachment":[{"href":"https:\/\/www.bulmac.eu\/fr\/wp-json\/wp\/v2\/media?parent=2597"}],"curies":[{"name":"wp","href":"https:\/\/api.w.org\/{rel}","templated":true}]}}