{"id":2789,"date":"2024-12-04T19:41:46","date_gmt":"2024-12-04T18:41:46","guid":{"rendered":"https:\/\/www.bulmac.eu\/?page_id=2789"},"modified":"2024-12-12T12:27:51","modified_gmt":"2024-12-12T11:27:51","slug":"a-propos","status":"publish","type":"page","link":"https:\/\/www.bulmac.eu\/fr\/a-propos\/","title":{"rendered":"\u00c0 propos"},"content":{"rendered":"<p>[vc_row row_height_percent=\u00a0\u00bb0&Prime; overlay_alpha=\u00a0\u00bb50&Prime; gutter_size=\u00a0\u00bb3&Prime; column_width_percent=\u00a0\u00bb100&Prime; shift_y=\u00a0\u00bb0&Prime; z_index=\u00a0\u00bb0&Prime; css=\u00a0\u00bb.vc_custom_1733337558072{padding-bottom: 100px !important;}\u00a0\u00bb][vc_column column_width_percent=\u00a0\u00bb100&Prime; gutter_size=\u00a0\u00bb2&Prime; overlay_alpha=\u00a0\u00bb50&Prime; shift_x=\u00a0\u00bb0&Prime; shift_y=\u00a0\u00bb0&Prime; shift_y_down=\u00a0\u00bb0&Prime; z_index=\u00a0\u00bb0&Prime; medium_width=\u00a0\u00bb0&Prime; mobile_width=\u00a0\u00bb0&Prime; width=\u00a0\u00bb2\/3&Prime; el_class=\u00a0\u00bbfirst_block\u00a0\u00bb][uncode_breadcrumbs separator=\u00a0\u00bbtriangle\u00a0\u00bb][vc_column_text]Repr\u00e9sentant en douane pour l&rsquo;import et l&rsquo;export<br \/>\nLes marchandises peuvent circuler librement au sein de l\u2019Union europ\u00e9enne.<\/p>\n<p>Mais qu\u2019il s\u2019agisse d\u2019exportations vers des pays hors Union europ\u00e9enne ou d\u2019importations vers le march\u00e9 europ\u00e9en, les formalit\u00e9s douani\u00e8res sont indispensables.<br \/>\nDans le cadre du transport international de vos marchandises, nous effectuons pour vous toutes les formalit\u00e9s n\u00e9cessaires :<\/p>\n<ul>\n<li>D\u00e9claration en douane<\/li>\n<li>D\u00e9douanement<\/li>\n<li>Transit,<\/li>\n<\/ul>\n<p>La soci\u00e9t\u00e9 dispose de tous les agr\u00e9ments n\u00e9cessaires pour vous assister dans toutes vos formalit\u00e9s de repr\u00e9sentation directe ou indirecte :[\/vc_column_text][vc_row_inner row_inner_height_percent=\u00a0\u00bb0&Prime; overlay_alpha=\u00a0\u00bb50&Prime; gutter_size=\u00a0\u00bb3&Prime; shift_y=\u00a0\u00bb0&Prime; z_index=\u00a0\u00bb0&Prime; limit_content=\u00a0\u00bb\u00a0\u00bb][vc_column_inner width=\u00a0\u00bb1\/3&Prime;][vc_single_image media=\u00a0\u00bb2774&Prime; media_width_use_pixel=\u00a0\u00bbyes\u00a0\u00bb media_width_pixel=\u00a0\u00bb150&Prime;][\/vc_column_inner][vc_column_inner width=\u00a0\u00bb2\/3&Prime;][vc_column_text]<\/p>\n<h2>Certificat OEA<\/h2>\n<p>Depuis 2024, nous sommes certifi\u00e9s Op\u00e9rateur \u00c9conomique Agr\u00e9\u00e9 (OEA) pour la Simplification et la S\u00e9curit\u00e9 Douani\u00e8res. Cela offre des avantages significatifs \u00e0 nos clients. Par exemple, les marchandises import\u00e9es par notre interm\u00e9diaire sont soumises \u00e0 des contr\u00f4les moins stricts, ce qui permet un d\u00e9douanement plus rapide. Les entreprises qui font du commerce international ne doivent pas passer elles-m\u00eames par la proc\u00e9dure de demande de certificat OEA.[\/vc_column_text][\/vc_column_inner][\/vc_row_inner][vc_row_inner row_inner_height_percent=\u00a0\u00bb0&Prime; overlay_alpha=\u00a0\u00bb50&Prime; gutter_size=\u00a0\u00bb3&Prime; shift_y=\u00a0\u00bb0&Prime; z_index=\u00a0\u00bb0&Prime; limit_content=\u00a0\u00bb\u00a0\u00bb][vc_column_inner width=\u00a0\u00bb1\/3&Prime;][vc_single_image media=\u00a0\u00bb2768&Prime; media_width_use_pixel=\u00a0\u00bbyes\u00a0\u00bb media_width_pixel=\u00a0\u00bb150&Prime;][\/vc_column_inner][vc_column_inner width=\u00a0\u00bb2\/3&Prime;][vc_column_text]<\/p>\n<h2>Repr\u00e9sentation fiscale<\/h2>\n<p>La Belgique poss\u00e8de le syst\u00e8me de repr\u00e9sentation fiscale le plus \u00e9tendu au sein de l\u2019UE. Cela permet aux entreprises \u00e9trang\u00e8res d\u2019importer des marchandises de pays tiers sans avoir \u00e0 financer la TVA \u00e0 l\u2019avance. Cela signifie que les entreprises d&rsquo;autres \u00c9tats membres de l&rsquo;UE, sans num\u00e9ro de TVA belge, peuvent toujours importer des marchandises en Belgique.<br \/>\nBulmac Customs agit en tant que repr\u00e9sentant fiscal pour la TVA sous le num\u00e9ro de TVA global 796.5 (repr\u00e9sentation fiscale limit\u00e9e) et dispose d&rsquo;une autorisation de 14 000 ET pour l&rsquo;autoliquidation de la TVA \u00e0 l&rsquo;importation.[\/vc_column_text][\/vc_column_inner][\/vc_row_inner][vc_empty_space empty_h=\u00a0\u00bb1&Prime;][uncode_list icon=\u00a0\u00bbfa fa-check-circle\u00a0\u00bb icon_color=\u00a0\u00bbaccent\u00a0\u00bb]<\/p>\n<h2>Repr\u00e9sentation directe<\/h2>\n<ul>\n<li>Bulmac agit en votre nom et pour votre compte.<\/li>\n<li>Bulmac peut agir pour toutes les personnes\/entreprises \u00e9tablies dans l&rsquo;UE.<\/li>\n<li>Vous devez donner une autorisation \u00e9crite \u00e0 Bulmac \u00e0 cet effet et d\u00e9poser des cautions aupr\u00e8s d&rsquo;Enigkantoor. Vous pouvez r\u00e9cup\u00e9rer le formulaire ici.<\/li>\n<\/ul>\n<p>[\/uncode_list][uncode_list icon=\u00a0\u00bbfa fa-check-circle\u00a0\u00bb icon_color=\u00a0\u00bbaccent\u00a0\u00bb]<\/p>\n<h2>Repr\u00e9sentation indirecte<\/h2>\n<ul>\n<li>Bulmac agit en son nom propre mais pour votre compte.<\/li>\n<li>Bulmac est le mandant et solidairement responsable.<\/li>\n<li>VEUILLEZ NOTER ! : Vous serez tenu responsable envers Bulmac tout comme Bulmac est responsable envers les douanes.<\/li>\n<\/ul>\n<p>[\/uncode_list][\/vc_column][vc_column column_width_percent=\u00a0\u00bb100&Prime; gutter_size=\u00a0\u00bb3&Prime; overlay_alpha=\u00a0\u00bb50&Prime; shift_x=\u00a0\u00bb0&Prime; shift_y=\u00a0\u00bb0&Prime; shift_y_down=\u00a0\u00bb0&Prime; z_index=\u00a0\u00bb0&Prime; medium_width=\u00a0\u00bb0&Prime; mobile_width=\u00a0\u00bb0&Prime; width=\u00a0\u00bb1\/3&Prime; el_class=\u00a0\u00bbsidebar\u00a0\u00bb][uncode_block id=\u00a0\u00bb623&Prime; inside_column=\u00a0\u00bbyes\u00a0\u00bb][\/vc_column][\/vc_row]<\/p>\n","protected":false},"excerpt":{"rendered":"<p>[vc_row row_height_percent=\u00a0\u00bb0&Prime; overlay_alpha=\u00a0\u00bb50&Prime; gutter_size=\u00a0\u00bb3&Prime; column_width_percent=\u00a0\u00bb100&Prime; shift_y=\u00a0\u00bb0&Prime; z_index=\u00a0\u00bb0&Prime; css=\u00a0\u00bb.vc_custom_1733337558072{padding-bottom: 100px !important;}\u00a0\u00bb][vc_column column_width_percent=\u00a0\u00bb100&Prime; gutter_size=\u00a0\u00bb2&Prime; overlay_alpha=\u00a0\u00bb50&Prime; shift_x=\u00a0\u00bb0&Prime; shift_y=\u00a0\u00bb0&Prime; shift_y_down=\u00a0\u00bb0&Prime; z_index=\u00a0\u00bb0&Prime; medium_width=\u00a0\u00bb0&Prime; mobile_width=\u00a0\u00bb0&Prime; width=\u00a0\u00bb2\/3&Prime; [&hellip;]<\/p>\n","protected":false},"author":1,"featured_media":2142,"parent":0,"menu_order":0,"comment_status":"closed","ping_status":"closed","template":"","meta":{"footnotes":""},"class_list":["post-2789","page","type-page","status-publish","has-post-thumbnail","hentry"],"yoast_head":"<!-- This site is optimized with the Yoast SEO plugin v27.0 - https:\/\/yoast.com\/product\/yoast-seo-wordpress\/ -->\n<title>\u00c0 propos - Bulmac<\/title>\n<meta name=\"robots\" content=\"index, follow, max-snippet:-1, max-image-preview:large, max-video-preview:-1\" \/>\n<link rel=\"canonical\" href=\"https:\/\/www.bulmac.eu\/fr\/a-propos\/\" \/>\n<meta property=\"og:locale\" content=\"fr_FR\" \/>\n<meta property=\"og:type\" content=\"article\" \/>\n<meta property=\"og:title\" content=\"\u00c0 propos - Bulmac\" \/>\n<meta property=\"og:description\" content=\"[vc_row row_height_percent=\u00a0\u00bb0&Prime; overlay_alpha=\u00a0\u00bb50&Prime; gutter_size=\u00a0\u00bb3&Prime; column_width_percent=\u00a0\u00bb100&Prime; shift_y=\u00a0\u00bb0&Prime; z_index=\u00a0\u00bb0&Prime; css=\u00a0\u00bb.vc_custom_1733337558072{padding-bottom: 100px !important;}\u00a0\u00bb][vc_column column_width_percent=\u00a0\u00bb100&Prime; gutter_size=\u00a0\u00bb2&Prime; overlay_alpha=\u00a0\u00bb50&Prime; shift_x=\u00a0\u00bb0&Prime; shift_y=\u00a0\u00bb0&Prime; shift_y_down=\u00a0\u00bb0&Prime; z_index=\u00a0\u00bb0&Prime; medium_width=\u00a0\u00bb0&Prime; mobile_width=\u00a0\u00bb0&Prime; width=\u00a0\u00bb2\/3&Prime; [&hellip;]\" \/>\n<meta property=\"og:url\" content=\"https:\/\/www.bulmac.eu\/fr\/a-propos\/\" \/>\n<meta property=\"og:site_name\" content=\"Bulmac\" \/>\n<meta property=\"article:modified_time\" content=\"2024-12-12T11:27:51+00:00\" \/>\n<meta property=\"og:image\" content=\"https:\/\/www.bulmac.eu\/wp-content\/uploads\/2021\/02\/header_12.jpg\" \/>\n\t<meta property=\"og:image:width\" content=\"1700\" \/>\n\t<meta property=\"og:image:height\" content=\"422\" \/>\n\t<meta property=\"og:image:type\" content=\"image\/jpeg\" \/>\n<meta name=\"twitter:card\" content=\"summary_large_image\" \/>\n<meta name=\"twitter:label1\" content=\"Dur\u00e9e de lecture estim\u00e9e\" \/>\n\t<meta name=\"twitter:data1\" content=\"2 minutes\" \/>\n<script type=\"application\/ld+json\" class=\"yoast-schema-graph\">{\"@context\":\"https:\/\/schema.org\",\"@graph\":[{\"@type\":\"WebPage\",\"@id\":\"https:\/\/www.bulmac.eu\/fr\/a-propos\/\",\"url\":\"https:\/\/www.bulmac.eu\/fr\/a-propos\/\",\"name\":\"\u00c0 propos - Bulmac\",\"isPartOf\":{\"@id\":\"https:\/\/www.bulmac.eu\/en\/#website\"},\"primaryImageOfPage\":{\"@id\":\"https:\/\/www.bulmac.eu\/fr\/a-propos\/#primaryimage\"},\"image\":{\"@id\":\"https:\/\/www.bulmac.eu\/fr\/a-propos\/#primaryimage\"},\"thumbnailUrl\":\"https:\/\/www.bulmac.eu\/wp-content\/uploads\/2021\/02\/header_12.jpg\",\"datePublished\":\"2024-12-04T18:41:46+00:00\",\"dateModified\":\"2024-12-12T11:27:51+00:00\",\"breadcrumb\":{\"@id\":\"https:\/\/www.bulmac.eu\/fr\/a-propos\/#breadcrumb\"},\"inLanguage\":\"fr-FR\",\"potentialAction\":[{\"@type\":\"ReadAction\",\"target\":[\"https:\/\/www.bulmac.eu\/fr\/a-propos\/\"]}]},{\"@type\":\"ImageObject\",\"inLanguage\":\"fr-FR\",\"@id\":\"https:\/\/www.bulmac.eu\/fr\/a-propos\/#primaryimage\",\"url\":\"https:\/\/www.bulmac.eu\/wp-content\/uploads\/2021\/02\/header_12.jpg\",\"contentUrl\":\"https:\/\/www.bulmac.eu\/wp-content\/uploads\/2021\/02\/header_12.jpg\",\"width\":1700,\"height\":422},{\"@type\":\"BreadcrumbList\",\"@id\":\"https:\/\/www.bulmac.eu\/fr\/a-propos\/#breadcrumb\",\"itemListElement\":[{\"@type\":\"ListItem\",\"position\":1,\"name\":\"Home\",\"item\":\"https:\/\/www.bulmac.eu\/nl\/\"},{\"@type\":\"ListItem\",\"position\":2,\"name\":\"\u00c0 propos\"}]},{\"@type\":\"WebSite\",\"@id\":\"https:\/\/www.bulmac.eu\/en\/#website\",\"url\":\"https:\/\/www.bulmac.eu\/en\/\",\"name\":\"Bulmac\",\"description\":\"\",\"potentialAction\":[{\"@type\":\"SearchAction\",\"target\":{\"@type\":\"EntryPoint\",\"urlTemplate\":\"https:\/\/www.bulmac.eu\/en\/?s={search_term_string}\"},\"query-input\":{\"@type\":\"PropertyValueSpecification\",\"valueRequired\":true,\"valueName\":\"search_term_string\"}}],\"inLanguage\":\"fr-FR\"}]}<\/script>\n<!-- \/ Yoast SEO plugin. -->","yoast_head_json":{"title":"\u00c0 propos - Bulmac","robots":{"index":"index","follow":"follow","max-snippet":"max-snippet:-1","max-image-preview":"max-image-preview:large","max-video-preview":"max-video-preview:-1"},"canonical":"https:\/\/www.bulmac.eu\/fr\/a-propos\/","og_locale":"fr_FR","og_type":"article","og_title":"\u00c0 propos - Bulmac","og_description":"[vc_row row_height_percent=\u00a0\u00bb0&Prime; overlay_alpha=\u00a0\u00bb50&Prime; gutter_size=\u00a0\u00bb3&Prime; column_width_percent=\u00a0\u00bb100&Prime; shift_y=\u00a0\u00bb0&Prime; z_index=\u00a0\u00bb0&Prime; css=\u00a0\u00bb.vc_custom_1733337558072{padding-bottom: 100px !important;}\u00a0\u00bb][vc_column column_width_percent=\u00a0\u00bb100&Prime; gutter_size=\u00a0\u00bb2&Prime; overlay_alpha=\u00a0\u00bb50&Prime; shift_x=\u00a0\u00bb0&Prime; shift_y=\u00a0\u00bb0&Prime; shift_y_down=\u00a0\u00bb0&Prime; z_index=\u00a0\u00bb0&Prime; medium_width=\u00a0\u00bb0&Prime; mobile_width=\u00a0\u00bb0&Prime; width=\u00a0\u00bb2\/3&Prime; [&hellip;]","og_url":"https:\/\/www.bulmac.eu\/fr\/a-propos\/","og_site_name":"Bulmac","article_modified_time":"2024-12-12T11:27:51+00:00","og_image":[{"width":1700,"height":422,"url":"https:\/\/www.bulmac.eu\/wp-content\/uploads\/2021\/02\/header_12.jpg","type":"image\/jpeg"}],"twitter_card":"summary_large_image","twitter_misc":{"Dur\u00e9e de lecture estim\u00e9e":"2 minutes"},"schema":{"@context":"https:\/\/schema.org","@graph":[{"@type":"WebPage","@id":"https:\/\/www.bulmac.eu\/fr\/a-propos\/","url":"https:\/\/www.bulmac.eu\/fr\/a-propos\/","name":"\u00c0 propos - Bulmac","isPartOf":{"@id":"https:\/\/www.bulmac.eu\/en\/#website"},"primaryImageOfPage":{"@id":"https:\/\/www.bulmac.eu\/fr\/a-propos\/#primaryimage"},"image":{"@id":"https:\/\/www.bulmac.eu\/fr\/a-propos\/#primaryimage"},"thumbnailUrl":"https:\/\/www.bulmac.eu\/wp-content\/uploads\/2021\/02\/header_12.jpg","datePublished":"2024-12-04T18:41:46+00:00","dateModified":"2024-12-12T11:27:51+00:00","breadcrumb":{"@id":"https:\/\/www.bulmac.eu\/fr\/a-propos\/#breadcrumb"},"inLanguage":"fr-FR","potentialAction":[{"@type":"ReadAction","target":["https:\/\/www.bulmac.eu\/fr\/a-propos\/"]}]},{"@type":"ImageObject","inLanguage":"fr-FR","@id":"https:\/\/www.bulmac.eu\/fr\/a-propos\/#primaryimage","url":"https:\/\/www.bulmac.eu\/wp-content\/uploads\/2021\/02\/header_12.jpg","contentUrl":"https:\/\/www.bulmac.eu\/wp-content\/uploads\/2021\/02\/header_12.jpg","width":1700,"height":422},{"@type":"BreadcrumbList","@id":"https:\/\/www.bulmac.eu\/fr\/a-propos\/#breadcrumb","itemListElement":[{"@type":"ListItem","position":1,"name":"Home","item":"https:\/\/www.bulmac.eu\/nl\/"},{"@type":"ListItem","position":2,"name":"\u00c0 propos"}]},{"@type":"WebSite","@id":"https:\/\/www.bulmac.eu\/en\/#website","url":"https:\/\/www.bulmac.eu\/en\/","name":"Bulmac","description":"","potentialAction":[{"@type":"SearchAction","target":{"@type":"EntryPoint","urlTemplate":"https:\/\/www.bulmac.eu\/en\/?s={search_term_string}"},"query-input":{"@type":"PropertyValueSpecification","valueRequired":true,"valueName":"search_term_string"}}],"inLanguage":"fr-FR"}]}},"_links":{"self":[{"href":"https:\/\/www.bulmac.eu\/fr\/wp-json\/wp\/v2\/pages\/2789","targetHints":{"allow":["GET"]}}],"collection":[{"href":"https:\/\/www.bulmac.eu\/fr\/wp-json\/wp\/v2\/pages"}],"about":[{"href":"https:\/\/www.bulmac.eu\/fr\/wp-json\/wp\/v2\/types\/page"}],"author":[{"embeddable":true,"href":"https:\/\/www.bulmac.eu\/fr\/wp-json\/wp\/v2\/users\/1"}],"replies":[{"embeddable":true,"href":"https:\/\/www.bulmac.eu\/fr\/wp-json\/wp\/v2\/comments?post=2789"}],"version-history":[{"count":6,"href":"https:\/\/www.bulmac.eu\/fr\/wp-json\/wp\/v2\/pages\/2789\/revisions"}],"predecessor-version":[{"id":2831,"href":"https:\/\/www.bulmac.eu\/fr\/wp-json\/wp\/v2\/pages\/2789\/revisions\/2831"}],"wp:featuredmedia":[{"embeddable":true,"href":"https:\/\/www.bulmac.eu\/fr\/wp-json\/wp\/v2\/media\/2142"}],"wp:attachment":[{"href":"https:\/\/www.bulmac.eu\/fr\/wp-json\/wp\/v2\/media?parent=2789"}],"curies":[{"name":"wp","href":"https:\/\/api.w.org\/{rel}","templated":true}]}}